{"id":3070,"date":"2021-05-18T12:46:07","date_gmt":"2021-05-18T10:46:07","guid":{"rendered":"http:\/\/galignum.hu\/?page_id=3070"},"modified":"2021-05-26T12:31:05","modified_gmt":"2021-05-26T10:31:05","slug":"galignum_angol_kezdooldal","status":"publish","type":"page","link":"http:\/\/galignum.it-shop.hu\/?page_id=3070&lang=en","title":{"rendered":"galignum_angol_kezdooldal"},"content":{"rendered":"<p>[vc_row full_width=&#8221;stretch_row&#8221; content_placement=&#8221;top&#8221; language=&#8221;Magyar&#8221;][vc_column parallax=&#8221;content-moving&#8221; css=&#8221;.vc_custom_1616772381977{padding-bottom: 25px !important;}&#8221;]\n\t\t<section class=\"slider slider--animate height-100 cover cover-5 parallax\" data-animation=\"fade\" data-arrows=\"true\" data-paging=\"false\" data-timing=\"5000\">\n\t\t\t<ul class=\"slides\">\n\t\t\t\t\n\t\t<li class=\"imagebg\" data-overlay=\"0\">\n\t\t\t<div class=\"background-image-holder\">\n\t\t\t\t<img loading=\"lazy\" decoding=\"async\" width=\"2000\" height=\"1500\" src=\"http:\/\/galignum.it-shop.hu\/wp-content\/uploads\/2021\/03\/galignum_slider_1.jpg\" class=\"attachment-full size-full\" alt=\"\" srcset=\"http:\/\/galignum.it-shop.hu\/wp-content\/uploads\/2021\/03\/galignum_slider_1.jpg 2000w, http:\/\/galignum.it-shop.hu\/wp-content\/uploads\/2021\/03\/galignum_slider_1-300x225.jpg 300w, http:\/\/galignum.it-shop.hu\/wp-content\/uploads\/2021\/03\/galignum_slider_1-1024x768.jpg 1024w, http:\/\/galignum.it-shop.hu\/wp-content\/uploads\/2021\/03\/galignum_slider_1-768x576.jpg 768w, http:\/\/galignum.it-shop.hu\/wp-content\/uploads\/2021\/03\/galignum_slider_1-1536x1152.jpg 1536w, http:\/\/galignum.it-shop.hu\/wp-content\/uploads\/2021\/03\/galignum_slider_1-600x450.jpg 600w\" sizes=\"(max-width: 2000px) 100vw, 2000px\" \/>\n\t\t\t<\/div>\n\t\t\t<div class=\"container pos-vertical-center\">\n\t\t\t\t<div class=\"row\">\n\t\t\t\t\t<div class=\"col-sm-12\">\n\t\t\t\t\t\t<\/p>\n<h1 style=\"text-align: center;\">Elemental<br \/>\nquality.<\/h1>\n<p>&nbsp;<\/p>\n<p>\n\n\t\t\t\t\t<\/div>\n\t\t\t\t<\/div>\n\t\t\t<\/div>\n\t\t<\/li>\n\t\n\t\t<li class=\"imagebg\" data-overlay=\"0\">\n\t\t\t<div class=\"background-image-holder\">\n\t\t\t\t<img loading=\"lazy\" decoding=\"async\" width=\"2000\" height=\"1500\" src=\"http:\/\/galignum.it-shop.hu\/wp-content\/uploads\/2021\/03\/galignum_slider_3.jpg\" class=\"attachment-full size-full\" alt=\"\" srcset=\"http:\/\/galignum.it-shop.hu\/wp-content\/uploads\/2021\/03\/galignum_slider_3.jpg 2000w, http:\/\/galignum.it-shop.hu\/wp-content\/uploads\/2021\/03\/galignum_slider_3-300x225.jpg 300w, http:\/\/galignum.it-shop.hu\/wp-content\/uploads\/2021\/03\/galignum_slider_3-1024x768.jpg 1024w, http:\/\/galignum.it-shop.hu\/wp-content\/uploads\/2021\/03\/galignum_slider_3-768x576.jpg 768w, http:\/\/galignum.it-shop.hu\/wp-content\/uploads\/2021\/03\/galignum_slider_3-1536x1152.jpg 1536w, http:\/\/galignum.it-shop.hu\/wp-content\/uploads\/2021\/03\/galignum_slider_3-600x450.jpg 600w\" sizes=\"(max-width: 2000px) 100vw, 2000px\" \/>\n\t\t\t<\/div>\n\t\t\t<div class=\"container pos-vertical-center\">\n\t\t\t\t<div class=\"row\">\n\t\t\t\t\t<div class=\"col-sm-12\">\n\t\t\t\t\t\t<\/p>\n<h1 style=\"text-align: center;\">We make<br \/>\nunique ideas<br \/>\ncome true.<\/h1>\n<p>\n\n\t\t\t\t\t<\/div>\n\t\t\t\t<\/div>\n\t\t\t<\/div>\n\t\t<\/li>\n\t\n\t\t<li class=\"imagebg\" data-overlay=\"0\">\n\t\t\t<div class=\"background-image-holder\">\n\t\t\t\t<img loading=\"lazy\" decoding=\"async\" width=\"2000\" height=\"1500\" src=\"http:\/\/galignum.it-shop.hu\/wp-content\/uploads\/2021\/03\/galignum_slider_2.jpg\" class=\"attachment-full size-full\" alt=\"\" srcset=\"http:\/\/galignum.it-shop.hu\/wp-content\/uploads\/2021\/03\/galignum_slider_2.jpg 2000w, http:\/\/galignum.it-shop.hu\/wp-content\/uploads\/2021\/03\/galignum_slider_2-300x225.jpg 300w, http:\/\/galignum.it-shop.hu\/wp-content\/uploads\/2021\/03\/galignum_slider_2-1024x768.jpg 1024w, http:\/\/galignum.it-shop.hu\/wp-content\/uploads\/2021\/03\/galignum_slider_2-768x576.jpg 768w, http:\/\/galignum.it-shop.hu\/wp-content\/uploads\/2021\/03\/galignum_slider_2-1536x1152.jpg 1536w, http:\/\/galignum.it-shop.hu\/wp-content\/uploads\/2021\/03\/galignum_slider_2-600x450.jpg 600w\" sizes=\"(max-width: 2000px) 100vw, 2000px\" \/>\n\t\t\t<\/div>\n\t\t\t<div class=\"container pos-vertical-center\">\n\t\t\t\t<div class=\"row\">\n\t\t\t\t\t<div class=\"col-sm-12\">\n\t\t\t\t\t\t<\/p>\n<h1 style=\"text-align: center;\">Versatile<br \/>\nservices in the name<br \/>\nof quality.<\/h1>\n<p>\n\n\t\t\t\t\t<\/div>\n\t\t\t\t<\/div>\n\t\t\t<\/div>\n\t\t<\/li>\n\t\n\t\t<li class=\"imagebg\" data-overlay=\"0\">\n\t\t\t<div class=\"background-image-holder\">\n\t\t\t\t<img loading=\"lazy\" decoding=\"async\" width=\"2000\" height=\"1500\" src=\"http:\/\/galignum.it-shop.hu\/wp-content\/uploads\/2021\/03\/galignum_slider_4.jpg\" class=\"attachment-full size-full\" alt=\"\" srcset=\"http:\/\/galignum.it-shop.hu\/wp-content\/uploads\/2021\/03\/galignum_slider_4.jpg 2000w, http:\/\/galignum.it-shop.hu\/wp-content\/uploads\/2021\/03\/galignum_slider_4-300x225.jpg 300w, http:\/\/galignum.it-shop.hu\/wp-content\/uploads\/2021\/03\/galignum_slider_4-1024x768.jpg 1024w, http:\/\/galignum.it-shop.hu\/wp-content\/uploads\/2021\/03\/galignum_slider_4-768x576.jpg 768w, http:\/\/galignum.it-shop.hu\/wp-content\/uploads\/2021\/03\/galignum_slider_4-1536x1152.jpg 1536w, http:\/\/galignum.it-shop.hu\/wp-content\/uploads\/2021\/03\/galignum_slider_4-600x450.jpg 600w\" sizes=\"(max-width: 2000px) 100vw, 2000px\" \/>\n\t\t\t<\/div>\n\t\t\t<div class=\"container pos-vertical-center\">\n\t\t\t\t<div class=\"row\">\n\t\t\t\t\t<div class=\"col-sm-12\">\n\t\t\t\t\t\t<\/p>\n<h1 style=\"text-align: center;\">Flexible design,<br \/>\ntailored to<br \/>\nour customers.<\/h1>\n<p>\n\n\t\t\t\t\t<\/div>\n\t\t\t\t<\/div>\n\t\t\t<\/div>\n\t\t<\/li>\n\t\n\t\t\t<\/ul>\n\t\t<\/section>\n\t[vc_column_text css=&#8221;.vc_custom_1621335561581{padding-top: 25px !important;}&#8221;]<\/p>\n<h3 style=\"text-align: center;\">Departments<\/h3>\n<p>[\/vc_column_text][\/vc_column][\/vc_row][vc_row full_width=&#8221;stretch_row&#8221;][vc_column parallax=&#8221;content-moving&#8221; parallax_image=&#8221;2456&#8243; css_animation=&#8221;none&#8221; width=&#8221;1\/3&#8243; el_class=&#8221;text-center&#8221;][vc_empty_space height=&#8221;150px&#8221;][vc_btn title=&#8221;CUSTOM FURNITURE&#8221; style=&#8221;outline&#8221; shape=&#8221;square&#8221; color=&#8221;white&#8221; size=&#8221;lg&#8221; css_animation=&#8221;fadeIn&#8221; link=&#8221;url:%20http%3A%2F%2Fgalignum.hu%2F%3Fpage_id%3D1001%20|title:Egyedi%20b%C3%BAtorgy%C3%A1rt%C3%A1s||&#8221;][vc_empty_space height=&#8221;150px&#8221;][\/vc_column][vc_column parallax=&#8221;content-moving&#8221; parallax_image=&#8221;2098&#8243; css_animation=&#8221;none&#8221; width=&#8221;1\/3&#8243; el_class=&#8221;text-center&#8221;][vc_empty_space height=&#8221;150px&#8221;][vc_btn title=&#8221;SERIES PRODUCTION&#8221; style=&#8221;outline&#8221; shape=&#8221;square&#8221; color=&#8221;white&#8221; size=&#8221;lg&#8221; css_animation=&#8221;fadeIn&#8221; link=&#8221;url:http%3A%2F%2Fgalignum.hu%2F%3Fpage_id%3D2120|title:Sorozatgy%C3%A1rt%C3%A1s||&#8221;][vc_empty_space height=&#8221;150px&#8221;][\/vc_column][vc_column parallax=&#8221;content-moving&#8221; parallax_image=&#8221;2051&#8243; css_animation=&#8221;none&#8221; width=&#8221;1\/3&#8243; el_class=&#8221;text-center&#8221;][vc_empty_space height=&#8221;150px&#8221;][vc_btn title=&#8221;CABIN PRODUCTION&#8221; style=&#8221;outline&#8221; shape=&#8221;square&#8221; color=&#8221;white&#8221; size=&#8221;lg&#8221; css_animation=&#8221;fadeIn&#8221; link=&#8221;url:http%3A%2F%2Fgalignum.hu%2F%3Fpage_id%3D2505|title:KISH%C3%81Z%C3%89P%C3%8DT%C3%89S||&#8221;][vc_empty_space height=&#8221;150px&#8221;][\/vc_column][\/vc_row][vc_row full_width=&#8221;stretch_row_content_no_spaces&#8221; css_animation=&#8221;fadeIn&#8221; language=&#8221;Magyar&#8221; el_id=&#8221;aboutus&#8221;][vc_column][vc_column_text el_id=&#8221;aboutus&#8221;]<\/p>\n<h3 style=\"text-align: center;\">About us<\/h3>\n<p class=\"lead\" style=\"text-align: center;\">Our story<\/p>\n<p>[\/vc_column_text][vc_column_text]<\/p>\n<p style=\"text-align: center;\">Our company was established in 1996, so it has a long history in custom furniture and series production. Galignum started as a family business and by now, the second generation is involved in joint work. In recent years, we have fulfilled hundreds of domestic and foreign orders, focusing exclusively on lifelong quality. We are able to solve any task even if it seems impossible, and we do it with the utmost devotion and enthusiasm.<\/p>\n<p>[\/vc_column_text][vc_single_image image=&#8221;2093&#8243; img_size=&#8221;2000&#215;1000&#8243; alignment=&#8221;center&#8221;][vc_empty_space height=&#8221;60px&#8221;][vc_column_text]<\/p>\n<p class=\"lead\" style=\"text-align: center;\">Philosophy<\/p>\n<p>[\/vc_column_text][vc_column_text]<\/p>\n<p style=\"text-align: center;\">We want to give our customers the very same trust and cooperation that we give to each other as a family and co-worker. We believe that true quality lies not only in the smallest flawless detail, but also in the satisfaction of our clients.<\/p>\n<p>[\/vc_column_text][vc_single_image image=&#8221;2038&#8243; img_size=&#8221;2000&#215;1000&#8243; alignment=&#8221;center&#8221;][vc_empty_space height=&#8221;60px&#8221;][vc_column_text]<\/p>\n<p class=\"lead\" style=\"text-align: center;\">Our team<\/p>\n<p>[\/vc_column_text][vc_column_text]<\/p>\n<p style=\"text-align: center;\">We are always enthusiastic about our duties, whether we design in our workshops or lead constructions on site. Based on the feedback, this is also seen by our customers, which makes us satisfied. Working together is made unclouded not only by our close family ties but also by the love for our profession.<\/p>\n<p>[\/vc_column_text][vc_single_image image=&#8221;3021&#8243; img_size=&#8221;2000&#215;1000&#8243; alignment=&#8221;center&#8221;][\/vc_column][\/vc_row][vc_row full_width=&#8221;stretch_row&#8221; el_id=&#8221;contact&#8221;][vc_column][vc_column_text el_id=&#8221;contact&#8221;]<\/p>\n<h3 style=\"text-align: center;\">Contact<\/h3>\n<p>[\/vc_column_text][\/vc_column][vc_column width=&#8221;1\/4&#8243;][vc_single_image image=&#8221;2788&#8243; img_size=&#8221;450&#215;450&#8243; alignment=&#8221;center&#8221;][vc_empty_space height=&#8221;15px&#8221;][vc_column_text]<\/p>\n<p style=\"text-align: center;\"><strong>Zolt\u00e1n Galbovy<br \/>\n<\/strong>CEO<br \/>\ngalbovy.zoltan@galignum.hu<br \/>\n+36 30 983 5466<\/p>\n<p>[\/vc_column_text][\/vc_column][vc_column width=&#8221;1\/4&#8243;][vc_single_image image=&#8221;2786&#8243; img_size=&#8221;450&#215;450&#8243; alignment=&#8221;center&#8221;][vc_empty_space height=&#8221;15px&#8221;][vc_column_text]<\/p>\n<p style=\"text-align: center;\"><strong>\u00c9va Galbovy<br \/>\n<\/strong>CFO<br \/>\ngalbovy.eva@galignum.hu<br \/>\n+36 30 362 8741<\/p>\n<p>[\/vc_column_text][\/vc_column][vc_column width=&#8221;1\/4&#8243;][vc_single_image image=&#8221;2787&#8243; img_size=&#8221;450&#215;450&#8243; alignment=&#8221;center&#8221;][vc_empty_space height=&#8221;15px&#8221;][vc_column_text]<\/p>\n<p style=\"text-align: center;\"><strong>Szabolcs Galbovy<br \/>\n<\/strong>Series Production Manager<br \/>\ngalbovy.szabolcs@galignum.hu<br \/>\n+36 30 617 6863<\/p>\n<p>[\/vc_column_text][\/vc_column][vc_column width=&#8221;1\/4&#8243;][vc_single_image image=&#8221;2785&#8243; img_size=&#8221;450&#215;450&#8243; alignment=&#8221;center&#8221;][vc_empty_space height=&#8221;15px&#8221;][vc_column_text]<\/p>\n<p style=\"text-align: center;\"><strong>Attila Galbovy<br \/>\n<\/strong>Head of Furniture Production Department<br \/>\ngalbovy.attila@galignum.hu<br \/>\n+36 30 813 3260<\/p>\n<p>[\/vc_column_text][\/vc_column][\/vc_row][vc_row full_width=&#8221;stretch_row&#8221;][vc_column width=&#8221;1\/2&#8243;][vc_empty_space height=&#8221;25px&#8221;][vc_column_text]<\/p>\n<h5 style=\"text-align: center;\">Kecskem\u00e9t establishment<\/h5>\n<p>[\/vc_column_text][vc_gmaps link=&#8221;#E-8_JTNDaWZyYW1lJTIwc3JjJTNEJTIyaHR0cHMlM0ElMkYlMkZ3d3cuZ29vZ2xlLmNvbSUyRm1hcHMlMkZlbWJlZCUzRnBiJTNEJTIxMW0xOCUyMTFtMTIlMjExbTMlMjExZDI3MjEuOTk3NzM2ODY0NDklMjEyZDE5LjU2ODI0NzkxNTYwODk0JTIxM2Q0Ni45ODEzNzkwNzkxNDgxMDUlMjEybTMlMjExZjAlMjEyZjAlMjEzZjAlMjEzbTIlMjExaTEwMjQlMjEyaTc2OCUyMTRmMTMuMSUyMTNtMyUyMTFtMiUyMTFzMHg0NzQzZDQ0YThhYjM2NDM5JTI1M0EweDNlOTcxZTE5ZTk4YjFjMDglMjEyc0dhbGlnbnVtJTI1MjBCdC4lMjE1ZTAlMjEzbTIlMjExc2h1JTIxMnNodSUyMTR2MTYxODI1Mjk3MDI1MiUyMTVtMiUyMTFzaHUlMjEyc2h1JTIyJTIwd2lkdGglM0QlMjI2MDAlMjIlMjBoZWlnaHQlM0QlMjI0NTAlMjIlMjBzdHlsZSUzRCUyMmJvcmRlciUzQTAlM0IlMjIlMjBhbGxvd2Z1bGxzY3JlZW4lM0QlMjIlMjIlMjBsb2FkaW5nJTNEJTIybGF6eSUyMiUzRSUzQyUyRmlmcmFtZSUzRQ==&#8221; el_class=&#8221;styled&#8221;][\/vc_column][vc_column width=&#8221;1\/2&#8243;][vc_empty_space height=&#8221;25px&#8221;][vc_column_text]<\/p>\n<h5 style=\"text-align: center;\">Kisk\u0151r\u00f6s establishment<\/h5>\n<p>[\/vc_column_text][vc_gmaps link=&#8221;#E-8_JTNDaWZyYW1lJTIwc3JjJTNEJTIyaHR0cHMlM0ElMkYlMkZ3d3cuZ29vZ2xlLmNvbSUyRm1hcHMlMkZlbWJlZCUzRnBiJTNEJTIxMW0xOCUyMTFtMTIlMjExbTMlMjExZDI3MzkuODc2MDUyODQwNDA1JTIxMmQxOS4yODk2NTU3MTU3OTU4NDIlMjEzZDQ2LjYyOTIxMDc2Mjk3MTY5NSUyMTJtMyUyMTFmMCUyMTJmMCUyMTNmMCUyMTNtMiUyMTFpMTAyNCUyMTJpNzY4JTIxNGYxMy4xJTIxM20zJTIxMW0yJTIxMXMweDQ3NDNiMzI1MjYyY2MxYjElMjUzQTB4MzMzNjE5YjMwMjM1YzZkNiUyMTJzR2FsaWdudW0lMjUyMEJ0LiUyMTVlMCUyMTNtMiUyMTFzaHUlMjEyc2h1JTIxNHYxNjE4MjUzMDExOTc5JTIxNW0yJTIxMXNodSUyMTJzaHUlMjIlMjB3aWR0aCUzRCUyMjYwMCUyMiUyMGhlaWdodCUzRCUyMjQ1MCUyMiUyMHN0eWxlJTNEJTIyYm9yZGVyJTNBMCUzQiUyMiUyMGFsbG93ZnVsbHNjcmVlbiUzRCUyMiUyMiUyMGxvYWRpbmclM0QlMjJsYXp5JTIyJTNFJTNDJTJGaWZyYW1lJTNF&#8221; el_class=&#8221;styled&#8221;][\/vc_column][\/vc_row][vc_row][vc_column][vc_column_text]<\/p>\n<h3 style=\"text-align: center;\">Partners<\/h3>\n<p>[\/vc_column_text]<div class=\"pillars-1\">\n\t<div class=\"slider\" data-items=\"6\" data-timing=\"3000\">\n\t\t<ul class=\"slides client-slides\">\n\t\t\t\n<li>\n\t<a href=\"http:\/\/www.vienna-interiors.at\/\" target=\"_blank\"><img loading=\"lazy\" decoding=\"async\" width=\"300\" height=\"119\" src=\"http:\/\/galignum.it-shop.hu\/wp-content\/uploads\/2021\/05\/vienna-interiors-300x119.png\" class=\"attachment-medium size-medium wp-post-image\" alt=\"\" srcset=\"http:\/\/galignum.it-shop.hu\/wp-content\/uploads\/2021\/05\/vienna-interiors-300x119.png 300w, http:\/\/galignum.it-shop.hu\/wp-content\/uploads\/2021\/05\/vienna-interiors-1024x405.png 1024w, http:\/\/galignum.it-shop.hu\/wp-content\/uploads\/2021\/05\/vienna-interiors-768x304.png 768w, http:\/\/galignum.it-shop.hu\/wp-content\/uploads\/2021\/05\/vienna-interiors-500x198.png 500w, http:\/\/galignum.it-shop.hu\/wp-content\/uploads\/2021\/05\/vienna-interiors-800x316.png 800w, http:\/\/galignum.it-shop.hu\/wp-content\/uploads\/2021\/05\/vienna-interiors.png 1252w\" sizes=\"(max-width: 300px) 100vw, 300px\" \/><\/a><\/li>\n<li>\n\t<a href=\"https:\/\/www.teqball.com\/\" target=\"_blank\"><img loading=\"lazy\" decoding=\"async\" width=\"300\" height=\"119\" src=\"http:\/\/galignum.it-shop.hu\/wp-content\/uploads\/2021\/04\/teqball-300x119.png\" class=\"attachment-medium size-medium wp-post-image\" alt=\"\" srcset=\"http:\/\/galignum.it-shop.hu\/wp-content\/uploads\/2021\/04\/teqball-300x119.png 300w, http:\/\/galignum.it-shop.hu\/wp-content\/uploads\/2021\/04\/teqball-1024x405.png 1024w, http:\/\/galignum.it-shop.hu\/wp-content\/uploads\/2021\/04\/teqball-768x304.png 768w, http:\/\/galignum.it-shop.hu\/wp-content\/uploads\/2021\/04\/teqball.png 1252w\" sizes=\"(max-width: 300px) 100vw, 300px\" \/><\/a><\/li>\n<li>\n\t<a href=\"https:\/\/www.parasitestudio.com\/\" target=\"_blank\"><img loading=\"lazy\" decoding=\"async\" width=\"300\" height=\"228\" src=\"http:\/\/galignum.it-shop.hu\/wp-content\/uploads\/2016\/05\/ps-1-300x228.png\" class=\"attachment-medium size-medium wp-post-image\" alt=\"\" srcset=\"http:\/\/galignum.it-shop.hu\/wp-content\/uploads\/2016\/05\/ps-1-300x228.png 300w, http:\/\/galignum.it-shop.hu\/wp-content\/uploads\/2016\/05\/ps-1.png 651w\" sizes=\"(max-width: 300px) 100vw, 300px\" \/><\/a><\/li>\n<li>\n\t<a href=\"https:\/\/www.lifefitness.com\/en-us\" target=\"_blank\"><img loading=\"lazy\" decoding=\"async\" width=\"300\" height=\"101\" src=\"http:\/\/galignum.it-shop.hu\/wp-content\/uploads\/2016\/05\/LifeFitnessCorporate-1-300x101.png\" class=\"attachment-medium size-medium wp-post-image\" alt=\"\" srcset=\"http:\/\/galignum.it-shop.hu\/wp-content\/uploads\/2016\/05\/LifeFitnessCorporate-1-300x101.png 300w, http:\/\/galignum.it-shop.hu\/wp-content\/uploads\/2016\/05\/LifeFitnessCorporate-1-1024x345.png 1024w, http:\/\/galignum.it-shop.hu\/wp-content\/uploads\/2016\/05\/LifeFitnessCorporate-1-768x259.png 768w, http:\/\/galignum.it-shop.hu\/wp-content\/uploads\/2016\/05\/LifeFitnessCorporate-1.png 1469w\" sizes=\"(max-width: 300px) 100vw, 300px\" \/><\/a><\/li>\n<li>\n\t<a href=\"http:\/\/www.smartvoll.com\" target=\"_blank\"><img loading=\"lazy\" decoding=\"async\" width=\"300\" height=\"137\" src=\"http:\/\/galignum.it-shop.hu\/wp-content\/uploads\/2021\/03\/swartvol-1-300x137.png\" class=\"attachment-medium size-medium wp-post-image\" alt=\"\" srcset=\"http:\/\/galignum.it-shop.hu\/wp-content\/uploads\/2021\/03\/swartvol-1-300x137.png 300w, http:\/\/galignum.it-shop.hu\/wp-content\/uploads\/2021\/03\/swartvol-1-1024x467.png 1024w, http:\/\/galignum.it-shop.hu\/wp-content\/uploads\/2021\/03\/swartvol-1-768x350.png 768w, http:\/\/galignum.it-shop.hu\/wp-content\/uploads\/2021\/03\/swartvol-1.png 1085w\" sizes=\"(max-width: 300px) 100vw, 300px\" \/><\/a><\/li>\n<li>\n\t<a href=\"https:\/\/hellowood.eu\/\" target=\"_blank\"><img loading=\"lazy\" decoding=\"async\" width=\"300\" height=\"170\" src=\"http:\/\/galignum.it-shop.hu\/wp-content\/uploads\/2016\/05\/hello_wood-1-300x170.png\" class=\"attachment-medium size-medium wp-post-image\" alt=\"\" srcset=\"http:\/\/galignum.it-shop.hu\/wp-content\/uploads\/2016\/05\/hello_wood-1-300x170.png 300w, http:\/\/galignum.it-shop.hu\/wp-content\/uploads\/2016\/05\/hello_wood-1-768x435.png 768w, http:\/\/galignum.it-shop.hu\/wp-content\/uploads\/2016\/05\/hello_wood-1.png 873w\" sizes=\"(max-width: 300px) 100vw, 300px\" \/><\/a><\/li>\t\t<\/ul>\n\t<\/div>\n<\/div>[vc_column_text]<\/p>\n<div id=\"sz2020\"><a href=\"https:\/\/galignum.hu\/?page_id=2121\"><img decoding=\"async\" src=\"http:\/\/galignum.hu\/wp-content\/uploads\/2021\/05\/szechenyi_2020.png\" alt=\"\" \/><\/a><\/div>\n<p>[\/vc_column_text][\/vc_column][\/vc_row][vc_row full_width=&#8221;stretch_row&#8221; css_animation=&#8221;fadeIn&#8221; disable_element=&#8221;yes&#8221;][vc_column][vc_empty_space height=&#8221;50px&#8221;]\n\t\t\t<section class=\"imageblock\">\n\t\t\t\t<div class=\"imageblock__content col-md-6 col-sm-4 pos-right\">\n\t\t\t\t\t<div class=\"background-image-holder\">\n\t\t\t\t\t\t<img loading=\"lazy\" decoding=\"async\" width=\"1335\" height=\"749\" src=\"http:\/\/galignum.it-shop.hu\/wp-content\/uploads\/2021\/04\/rolunk.jpg\" class=\"attachment-full size-full\" alt=\"\" srcset=\"http:\/\/galignum.it-shop.hu\/wp-content\/uploads\/2021\/04\/rolunk.jpg 1335w, http:\/\/galignum.it-shop.hu\/wp-content\/uploads\/2021\/04\/rolunk-300x168.jpg 300w, http:\/\/galignum.it-shop.hu\/wp-content\/uploads\/2021\/04\/rolunk-1024x575.jpg 1024w, http:\/\/galignum.it-shop.hu\/wp-content\/uploads\/2021\/04\/rolunk-768x431.jpg 768w\" sizes=\"(max-width: 1335px) 100vw, 1335px\" \/>\n\t\t\t\t\t<\/div>\n\t\t\t\t<\/div>\n\t\t\t\t<div class=\"col-md-6 col-sm-8\">\n\t\t\t\t\t<div class=\"col-md-6 col-md-offset-3 col-sm-8 col-sm-offset-2\">\n\t\t\t\t\t\t[vc_column_text]<\/p>\n<h3>R\u00f3lunk<\/h3>\n<p class=\"lead\">T\u00f6rt\u00e9net\u00fcnk<\/p>\n<p>[\/vc_column_text][vc_column_text]<\/p>\n<p style=\"text-align: left;\"><span style=\"font-weight: 400;\">C\u00e9g\u00fcnk 1996-ban j\u00f6tt l\u00e9tre, \u00edgy t\u00f6bb \u00e9ves m\u00faltra tekint vissza az egyedi b\u00fator- \u00e9s sorozatgy\u00e1rt\u00e1sban. A Galignum csal\u00e1di v\u00e1llalkoz\u00e1sk\u00e9nt indult, \u00e9s imm\u00e1r a m\u00e1sodik gener\u00e1ci\u00f3 vesz r\u00e9szt a k\u00f6z\u00f6s munk\u00e1ban. Az elm\u00falt \u00e9vek sor\u00e1n t\u00f6bb sz\u00e1z hazai \u00e9s k\u00fclf\u00f6ldi megb\u00edz\u00e1snak tett\u00fcnk eleget, mely sor\u00e1n kiz\u00e1r\u00f3lag az \u00e9letre sz\u00f3l\u00f3 min\u0151s\u00e9get tartottuk szem el\u0151tt. B\u00e1rmilyen, lehetetlennek t\u0171n\u0151 feladatot k\u00e9pesek vagyunk megoldani, ezt pedig a legnagyobb odaad\u00e1ssal \u00e9s lelkesed\u00e9ssel tessz\u00fck.<\/span><\/p>\n<p>[\/vc_column_text]\n\t\t\t\t\t<\/div>\n\t\t\t\t<\/div>\n\t\t\t<\/section>\n\t\t[\/vc_column][\/vc_row][vc_row full_width=&#8221;stretch_row&#8221; disable_element=&#8221;yes&#8221; el_class=&#8221;bg&#8211;secondary&#8221;][vc_column]\n\t\t\t<section class=\"imageblock\">\n\t\t\t\t<div class=\"imageblock__content col-md-6 col-sm-4 pos-left\">\n\t\t\t\t\t<div class=\"background-image-holder\">\n\t\t\t\t\t\t<img loading=\"lazy\" decoding=\"async\" width=\"1500\" height=\"1000\" src=\"http:\/\/galignum.it-shop.hu\/wp-content\/uploads\/2021\/03\/filozofiank.jpg\" class=\"attachment-full size-full\" alt=\"\" srcset=\"http:\/\/galignum.it-shop.hu\/wp-content\/uploads\/2021\/03\/filozofiank.jpg 1500w, http:\/\/galignum.it-shop.hu\/wp-content\/uploads\/2021\/03\/filozofiank-300x200.jpg 300w, http:\/\/galignum.it-shop.hu\/wp-content\/uploads\/2021\/03\/filozofiank-1024x683.jpg 1024w, http:\/\/galignum.it-shop.hu\/wp-content\/uploads\/2021\/03\/filozofiank-768x512.jpg 768w, http:\/\/galignum.it-shop.hu\/wp-content\/uploads\/2021\/03\/filozofiank-600x400.jpg 600w\" sizes=\"(max-width: 1500px) 100vw, 1500px\" \/>\n\t\t\t\t\t<\/div>\n\t\t\t\t<\/div>\n\t\t\t\t<div class=\"col-md-6 col-md-push-6 col-sm-8 col-sm-push-4\">\n\t\t\t\t\t<div class=\"col-md-6 col-md-offset-3 col-sm-8 col-sm-offset-2\">\n\t\t\t\t\t\t[vc_column_text]<\/p>\n<p class=\"lead\">Filoz\u00f3fi\u00e1nk<\/p>\n<p>[\/vc_column_text][vc_column_text]<\/p>\n<p style=\"text-align: left;\">Megrendel\u0151ink sz\u00e1m\u00e1ra ugyanazt a bizalmat \u00e9s egy\u00fcttm\u0171k\u00f6d\u00e9st szeretn\u00e9nk ny\u00fajtani, amit mi csal\u00e1dk\u00e9nt, munkat\u00e1rsk\u00e9nt is biztos\u00edtunk egym\u00e1s fel\u00e9. Valljuk, hogy az igazi min\u0151s\u00e9g nemcsak a legapr\u00f3bb hib\u00e1tlan r\u00e9szletben, hanem megb\u00edz\u00f3ink el\u00e9gedetts\u00e9g\u00e9ben is rejlik.<\/p>\n<p>[\/vc_column_text]\n\t\t\t\t\t<\/div>\n\t\t\t\t<\/div>\n\t\t\t<\/section>\n\t\t[\/vc_column][\/vc_row][vc_row full_width=&#8221;stretch_row&#8221; disable_element=&#8221;yes&#8221;][vc_column]\n\t\t\t<section class=\"imageblock\">\n\t\t\t\t<div class=\"imageblock__content col-md-6 col-sm-4 pos-right\">\n\t\t\t\t\t<div class=\"background-image-holder\">\n\t\t\t\t\t\t<img loading=\"lazy\" decoding=\"async\" width=\"1335\" height=\"749\" src=\"http:\/\/galignum.it-shop.hu\/wp-content\/uploads\/2021\/04\/csapatunk.jpg\" class=\"attachment-full size-full\" alt=\"\" srcset=\"http:\/\/galignum.it-shop.hu\/wp-content\/uploads\/2021\/04\/csapatunk.jpg 1335w, http:\/\/galignum.it-shop.hu\/wp-content\/uploads\/2021\/04\/csapatunk-300x168.jpg 300w, http:\/\/galignum.it-shop.hu\/wp-content\/uploads\/2021\/04\/csapatunk-1024x575.jpg 1024w, http:\/\/galignum.it-shop.hu\/wp-content\/uploads\/2021\/04\/csapatunk-768x431.jpg 768w\" sizes=\"(max-width: 1335px) 100vw, 1335px\" \/>\n\t\t\t\t\t<\/div>\n\t\t\t\t<\/div>\n\t\t\t\t<div class=\"col-md-6 col-sm-8\">\n\t\t\t\t\t<div class=\"col-md-6 col-md-offset-3 col-sm-8 col-sm-offset-2\">\n\t\t\t\t\t\t[vc_column_text]<\/p>\n<p class=\"lead\">Csapatunk<\/p>\n<p>[\/vc_column_text][vc_column_text]<\/p>\n<p style=\"text-align: left;\">Mindig j\u00f3kedv\u0171en, lelkesen l\u00e1tunk neki feladatainknak, ak\u00e1r m\u0171helyeinkben tervez\u00fcnk, ak\u00e1r helysz\u00ednen szerel\u00fcnk \u00f6ssze. A visszajelz\u00e9sek alapj\u00e1n ezt megrendel\u0151ink is l\u00e1tj\u00e1k, ami \u00f6r\u00f6mmel t\u00f6lt el minket. A k\u00f6z\u00f6s munk\u00e1t nemcsak a szoros csal\u00e1di kapcsolat, hanem a tervez\u00e9s ir\u00e1nti szeretet\u00fcnk is teszi felh\u0151tlenn\u00e9.<\/p>\n<p>[\/vc_column_text]\n\t\t\t\t\t<\/div>\n\t\t\t\t<\/div>\n\t\t\t<\/section>\n\t\t[\/vc_column][\/vc_row]<\/p>\n","protected":false},"excerpt":{"rendered":"<p>[vc_row full_width=&#8221;stretch_row&#8221; content_placement=&#8221;top&#8221; language=&#8221;Magyar&#8221;][vc_column parallax=&#8221;content-moving&#8221; css=&#8221;.vc_custom_1616772381977{padding-bottom: 25px !important;}&#8221;][vc_column_text css=&#8221;.vc_custom_1621335561581{padding-top: 25px !important;}&#8221;] Departments [\/vc_column_text][\/vc_column][\/vc_row][vc_row full_width=&#8221;stretch_row&#8221;][vc_column parallax=&#8221;content-moving&#8221; parallax_image=&#8221;2456&#8243; css_animation=&#8221;none&#8221; width=&#8221;1\/3&#8243; el_class=&#8221;text-center&#8221;][vc_empty_space height=&#8221;150px&#8221;][vc_btn title=&#8221;CUSTOM FURNITURE&#8221; style=&#8221;outline&#8221; shape=&#8221;square&#8221; color=&#8221;white&#8221; size=&#8221;lg&#8221; css_animation=&#8221;fadeIn&#8221; link=&#8221;url:%20http%3A%2F%2Fgalignum.hu%2F%3Fpage_id%3D1001%20|title:Egyedi%20b%C3%BAtorgy%C3%A1rt%C3%A1s||&#8221;][vc_empty_space height=&#8221;150px&#8221;][\/vc_column][vc_column parallax=&#8221;content-moving&#8221; parallax_image=&#8221;2098&#8243; css_animation=&#8221;none&#8221; width=&#8221;1\/3&#8243; el_class=&#8221;text-center&#8221;][vc_empty_space height=&#8221;150px&#8221;][vc_btn title=&#8221;SERIES PRODUCTION&#8221; style=&#8221;outline&#8221; shape=&#8221;square&#8221; color=&#8221;white&#8221; size=&#8221;lg&#8221; css_animation=&#8221;fadeIn&#8221; link=&#8221;url:http%3A%2F%2Fgalignum.hu%2F%3Fpage_id%3D2120|title:Sorozatgy%C3%A1rt%C3%A1s||&#8221;][vc_empty_space height=&#8221;150px&#8221;][\/vc_column][vc_column parallax=&#8221;content-moving&#8221; parallax_image=&#8221;2051&#8243; css_animation=&#8221;none&#8221; width=&#8221;1\/3&#8243; el_class=&#8221;text-center&#8221;][vc_empty_space height=&#8221;150px&#8221;][vc_btn title=&#8221;CABIN PRODUCTION&#8221; style=&#8221;outline&#8221; shape=&#8221;square&#8221; color=&#8221;white&#8221; [&hellip;]<\/p>\n","protected":false},"author":3,"featured_media":0,"parent":0,"menu_order":0,"comment_status":"closed","ping_status":"closed","template":"","meta":{"footnotes":"","_vp_format_video_url":"","_vp_image_focal_point":[]},"_links":{"self":[{"href":"http:\/\/galignum.it-shop.hu\/index.php?rest_route=\/wp\/v2\/pages\/3070"}],"collection":[{"href":"http:\/\/galignum.it-shop.hu\/index.php?rest_route=\/wp\/v2\/pages"}],"about":[{"href":"http:\/\/galignum.it-shop.hu\/index.php?rest_route=\/wp\/v2\/types\/page"}],"author":[{"embeddable":true,"href":"http:\/\/galignum.it-shop.hu\/index.php?rest_route=\/wp\/v2\/users\/3"}],"replies":[{"embeddable":true,"href":"http:\/\/galignum.it-shop.hu\/index.php?rest_route=%2Fwp%2Fv2%2Fcomments&post=3070"}],"version-history":[{"count":15,"href":"http:\/\/galignum.it-shop.hu\/index.php?rest_route=\/wp\/v2\/pages\/3070\/revisions"}],"predecessor-version":[{"id":3786,"href":"http:\/\/galignum.it-shop.hu\/index.php?rest_route=\/wp\/v2\/pages\/3070\/revisions\/3786"}],"wp:attachment":[{"href":"http:\/\/galignum.it-shop.hu\/index.php?rest_route=%2Fwp%2Fv2%2Fmedia&parent=3070"}],"curies":[{"name":"wp","href":"https:\/\/api.w.org\/{rel}","templated":true}]}}