{"id":2505,"date":"2021-03-25T16:55:21","date_gmt":"2021-03-25T14:55:21","guid":{"rendered":"http:\/\/galignum.hu\/?page_id=2505"},"modified":"2021-04-29T14:58:40","modified_gmt":"2021-04-29T12:58:40","slug":"kishazepites","status":"publish","type":"page","link":"http:\/\/galignum.it-shop.hu\/?page_id=2505","title":{"rendered":"Kish\u00e1z\u00e9p\u00edt\u00e9s"},"content":{"rendered":"<p>[vc_row full_width=&#8221;stretch_row&#8221;][vc_column]\n\t\t\t<section class=\"height-50 imagebg cover cover-6 parallax\" data-overlay=\"2\">\n\t\t\t\t<div class=\"background-image-holder\">\n\t\t\t\t\t<img loading=\"lazy\" decoding=\"async\" width=\"1366\" height=\"927\" src=\"http:\/\/galignum.it-shop.hu\/wp-content\/uploads\/2021\/03\/kabinkeszites.jpg\" class=\"attachment-full size-full\" alt=\"\" srcset=\"http:\/\/galignum.it-shop.hu\/wp-content\/uploads\/2021\/03\/kabinkeszites.jpg 1366w, http:\/\/galignum.it-shop.hu\/wp-content\/uploads\/2021\/03\/kabinkeszites-300x204.jpg 300w, http:\/\/galignum.it-shop.hu\/wp-content\/uploads\/2021\/03\/kabinkeszites-1024x695.jpg 1024w, http:\/\/galignum.it-shop.hu\/wp-content\/uploads\/2021\/03\/kabinkeszites-768x521.jpg 768w, http:\/\/galignum.it-shop.hu\/wp-content\/uploads\/2021\/03\/kabinkeszites-600x407.jpg 600w\" sizes=\"(max-width: 1366px) 100vw, 1366px\" \/>\n\t\t\t\t<\/div>\n\t\t\t\t<div class=\"container pos-vertical-center\">\n\t\t\t\t\t<div class=\"row\">\n\t\t\t\t\t\t<div class=\"col-sm-12\">\n\t\t\t\t\t\t\t[vc_column_text css_animation=&#8221;fadeInUp&#8221;]<\/p>\n<h2 style=\"text-align: center;\"><span id=\"gmail-m_-4254137021301793987gmail-m_-8508285357725102741gmail-m_9185123211878862108gmail-m_-2645364684687124104m_-6724333095584579705gmail-docs-internal-guid-e086777e-7fff-e74f-0c3e-da18b2afa2cd\">Kish\u00e1z\u00e9p\u00edt\u00e9s<\/span><\/h2>\n<p style=\"text-align: center;\"><span id=\"gmail-m_-4254137021301793987gmail-m_-8508285357725102741gmail-m_9185123211878862108gmail-m_-2645364684687124104m_-6724333095584579705gmail-docs-internal-guid-e086777e-7fff-e74f-0c3e-da18b2afa2cd\">Rendk\u00edv\u00fcl izgalmas, kih\u00edv\u00e1sokkal teli, leg\u00fajabb \u00fczlet\u00e1gunk a kish\u00e1z\u00e9p\u00edt\u00e9s. Ac\u00e9l- \u00e9s faszerkezetes kish\u00e1zak gener\u00e1l kivitelez\u00e9s\u00e9re egyar\u00e1nt v\u00e1llalkozunk a legfrissebb trendeknek megfelel\u0151 anyagokat, fel\u00fcleteket, szerkezeti megold\u00e1sokat haszn\u00e1lva k\u00fclt\u00e9ren \u00e9s belt\u00e9ren.<\/span><\/p>\n<p>[\/vc_column_text]\n\t\t\t\t\t\t<\/div>\n\t\t\t\t\t<\/div>\n\t\t\t\t<\/div>\n\t\t\t\t<div class=\"container pos-bottom pos-absolute\">\n\t\t\t\t\t<div class=\"row\">\n\t\t\t\t\t<\/div>\n\t\t\t\t<\/div>\n\t\t\t<\/section>\n\t\t[\/vc_column][\/vc_row][vc_row full_width=&#8221;stretch_row&#8221;][vc_column][vc_empty_space height=&#8221;30px&#8221;]\n<div class=\"vp-portfolio vp-uid-be5c151c vp-id-3026   vp-portfolio__stretch\"\n    data-vp-layout=\"grid\" data-vp-content-source=\"post-based\" data-vp-items-style=\"fade\" data-vp-items-click-action=\"url\" data-vp-items-gap=\"5\" data-vp-items-gap-vertical=\"5\" data-vp-pagination=\"infinite\" data-vp-next-page-url=\"\" data-vp-grid-columns=\"4\" data-vp-grid-images-aspect-ratio=\"4:4\" >\n    <div class=\"vp-portfolio__preloader-wrap\">\n        <div class=\"vp-portfolio__preloader\">\n            <img decoding=\"async\" loading=\"eager\" src=\"http:\/\/galignum.it-shop.hu\/wp-content\/plugins\/visual-portfolio\/assets\/images\/logo-dark.svg\" alt=\"Visual Portfolio, Posts &amp; Image Gallery for WordPress\" width=\"20\" height=\"20\" data-skip-lazy>\n        <\/div>\n    <\/div>\n        <div class=\"vp-portfolio__items-wrap\">\n            \n<div class=\"vp-portfolio__items vp-portfolio__items-style-fade vp-portfolio__items-show-overlay-hover\">\n\n        <article        class=\"vp-portfolio__item-wrap post-3244 portfolio type-portfolio status-publish format-image has-post-thumbnail hentry post_format-post-format-image portfolio_category-kishazepites vp-portfolio__item-uid-34ec6a4b\" data-vp-filter=\"kishazepites\"         >\n                                    <figure class=\"vp-portfolio__item\">\n                \n<div class=\"vp-portfolio__item-img-wrap\">\n    <div class=\"vp-portfolio__item-img\">\n            <a\n        href=\"http:\/\/galignum.it-shop.hu\/?portfolio=infopontok\"\n            >\n    \n        <img loading=\"lazy\" decoding=\"async\" width=\"1000\" height=\"1000\" src=\"http:\/\/galignum.it-shop.hu\/wp-content\/uploads\/2021\/05\/kishaz-1.jpg\" class=\"wp-image-3368\" alt=\"\" srcset=\"http:\/\/galignum.it-shop.hu\/wp-content\/uploads\/2021\/05\/kishaz-1.jpg 1000w, http:\/\/galignum.it-shop.hu\/wp-content\/uploads\/2021\/05\/kishaz-1-300x300.jpg 300w, http:\/\/galignum.it-shop.hu\/wp-content\/uploads\/2021\/05\/kishaz-1-150x150.jpg 150w, http:\/\/galignum.it-shop.hu\/wp-content\/uploads\/2021\/05\/kishaz-1-768x768.jpg 768w, http:\/\/galignum.it-shop.hu\/wp-content\/uploads\/2021\/05\/kishaz-1-500x500.jpg 500w, http:\/\/galignum.it-shop.hu\/wp-content\/uploads\/2021\/05\/kishaz-1-800x800.jpg 800w, http:\/\/galignum.it-shop.hu\/wp-content\/uploads\/2021\/05\/kishaz-1-60x60.jpg 60w\" sizes=\"(max-width: 1000px) 100vw, 1000px\" \/>\n        <\/a>    <\/div>\n<\/div>\n\n<figcaption class=\"vp-portfolio__item-overlay vp-portfolio__item-overlay-text-align-center\">\n    <div class=\"vp-portfolio__item-meta-wrap vp-portfolio__custom-scrollbar\">\n            <a\n        href=\"http:\/\/galignum.it-shop.hu\/?portfolio=infopontok\"\n        tabindex=\"-1\" class=\"vp-portfolio__item-meta\"     >\n    \n        \n<h2 class=\"vp-portfolio__item-meta-title\">\n    Inf\u00f3pontok<\/h2>\n\n        <\/a>    <\/div>\n<\/figcaption>\n            <\/figure>\n                    <\/article>\n        \n        <article        class=\"vp-portfolio__item-wrap post-3239 portfolio type-portfolio status-publish format-image has-post-thumbnail hentry post_format-post-format-image portfolio_category-kishazepites vp-portfolio__item-uid-051c8031\" data-vp-filter=\"kishazepites\"         >\n                                    <figure class=\"vp-portfolio__item\">\n                \n<div class=\"vp-portfolio__item-img-wrap\">\n    <div class=\"vp-portfolio__item-img\">\n            <a\n        href=\"http:\/\/galignum.it-shop.hu\/?portfolio=latogato-kozpont-budai-var\"\n            >\n    \n        <img loading=\"lazy\" decoding=\"async\" width=\"1280\" height=\"1280\" src=\"http:\/\/galignum.it-shop.hu\/wp-content\/uploads\/2021\/05\/kishaz-3-1280x1280.jpg\" class=\"wp-image-3367\" alt=\"\" srcset=\"http:\/\/galignum.it-shop.hu\/wp-content\/uploads\/2021\/05\/kishaz-3-1280x1280.jpg 1280w, http:\/\/galignum.it-shop.hu\/wp-content\/uploads\/2021\/05\/kishaz-3-300x300.jpg 300w, http:\/\/galignum.it-shop.hu\/wp-content\/uploads\/2021\/05\/kishaz-3-1024x1024.jpg 1024w, http:\/\/galignum.it-shop.hu\/wp-content\/uploads\/2021\/05\/kishaz-3-150x150.jpg 150w, http:\/\/galignum.it-shop.hu\/wp-content\/uploads\/2021\/05\/kishaz-3-768x768.jpg 768w, http:\/\/galignum.it-shop.hu\/wp-content\/uploads\/2021\/05\/kishaz-3-500x500.jpg 500w, http:\/\/galignum.it-shop.hu\/wp-content\/uploads\/2021\/05\/kishaz-3-800x800.jpg 800w, http:\/\/galignum.it-shop.hu\/wp-content\/uploads\/2021\/05\/kishaz-3-60x60.jpg 60w, http:\/\/galignum.it-shop.hu\/wp-content\/uploads\/2021\/05\/kishaz-3.jpg 1500w\" sizes=\"(max-width: 1280px) 100vw, 1280px\" \/>\n        <\/a>    <\/div>\n<\/div>\n\n<figcaption class=\"vp-portfolio__item-overlay vp-portfolio__item-overlay-text-align-center\">\n    <div class=\"vp-portfolio__item-meta-wrap vp-portfolio__custom-scrollbar\">\n            <a\n        href=\"http:\/\/galignum.it-shop.hu\/?portfolio=latogato-kozpont-budai-var\"\n        tabindex=\"-1\" class=\"vp-portfolio__item-meta\"     >\n    \n        \n<h2 class=\"vp-portfolio__item-meta-title\">\n    L\u00e1togat\u00f3k\u00f6zpont Budai V\u00e1r<\/h2>\n\n        <\/a>    <\/div>\n<\/figcaption>\n            <\/figure>\n                    <\/article>\n        \n        <article        class=\"vp-portfolio__item-wrap post-3228 portfolio type-portfolio status-publish format-image has-post-thumbnail hentry post_format-post-format-image portfolio_category-kishazepites vp-portfolio__item-uid-6b0081e6\" data-vp-filter=\"kishazepites\"         >\n                                    <figure class=\"vp-portfolio__item\">\n                \n<div class=\"vp-portfolio__item-img-wrap\">\n    <div class=\"vp-portfolio__item-img\">\n            <a\n        href=\"http:\/\/galignum.it-shop.hu\/?portfolio=kiosk\"\n            >\n    \n        <img loading=\"lazy\" decoding=\"async\" width=\"1000\" height=\"1000\" src=\"http:\/\/galignum.it-shop.hu\/wp-content\/uploads\/2021\/05\/kishaz-2.jpg\" class=\"wp-image-3369\" alt=\"\" srcset=\"http:\/\/galignum.it-shop.hu\/wp-content\/uploads\/2021\/05\/kishaz-2.jpg 1000w, http:\/\/galignum.it-shop.hu\/wp-content\/uploads\/2021\/05\/kishaz-2-300x300.jpg 300w, http:\/\/galignum.it-shop.hu\/wp-content\/uploads\/2021\/05\/kishaz-2-150x150.jpg 150w, http:\/\/galignum.it-shop.hu\/wp-content\/uploads\/2021\/05\/kishaz-2-768x768.jpg 768w, http:\/\/galignum.it-shop.hu\/wp-content\/uploads\/2021\/05\/kishaz-2-500x500.jpg 500w, http:\/\/galignum.it-shop.hu\/wp-content\/uploads\/2021\/05\/kishaz-2-800x800.jpg 800w, http:\/\/galignum.it-shop.hu\/wp-content\/uploads\/2021\/05\/kishaz-2-60x60.jpg 60w\" sizes=\"(max-width: 1000px) 100vw, 1000px\" \/>\n        <\/a>    <\/div>\n<\/div>\n\n<figcaption class=\"vp-portfolio__item-overlay vp-portfolio__item-overlay-text-align-center\">\n    <div class=\"vp-portfolio__item-meta-wrap vp-portfolio__custom-scrollbar\">\n            <a\n        href=\"http:\/\/galignum.it-shop.hu\/?portfolio=kiosk\"\n        tabindex=\"-1\" class=\"vp-portfolio__item-meta\"     >\n    \n        \n<h2 class=\"vp-portfolio__item-meta-title\">\n    Kiosk<\/h2>\n\n        <\/a>    <\/div>\n<\/figcaption>\n            <\/figure>\n                    <\/article>\n        \n<\/div>\n        <\/div>\n                <div class=\"vp-portfolio__layout-elements vp-portfolio__layout-elements-bottom vp-portfolio__layout-elements-align-center\">\n                <div class=\"vp-portfolio__pagination-wrap\">\n                <\/div>\n                <\/div>\n        \n<\/div>\n[\/vc_column][\/vc_row]<\/p>\n","protected":false},"excerpt":{"rendered":"<p>[vc_row full_width=&#8221;stretch_row&#8221;][vc_column][\/vc_column][\/vc_row][vc_row full_width=&#8221;stretch_row&#8221;][vc_column][vc_empty_space height=&#8221;30px&#8221;][\/vc_column][\/vc_row]<\/p>\n","protected":false},"author":3,"featured_media":0,"parent":0,"menu_order":0,"comment_status":"closed","ping_status":"closed","template":"","meta":{"footnotes":"","_vp_format_video_url":"","_vp_image_focal_point":[]},"_links":{"self":[{"href":"http:\/\/galignum.it-shop.hu\/index.php?rest_route=\/wp\/v2\/pages\/2505"}],"collection":[{"href":"http:\/\/galignum.it-shop.hu\/index.php?rest_route=\/wp\/v2\/pages"}],"about":[{"href":"http:\/\/galignum.it-shop.hu\/index.php?rest_route=\/wp\/v2\/types\/page"}],"author":[{"embeddable":true,"href":"http:\/\/galignum.it-shop.hu\/index.php?rest_route=\/wp\/v2\/users\/3"}],"replies":[{"embeddable":true,"href":"http:\/\/galignum.it-shop.hu\/index.php?rest_route=%2Fwp%2Fv2%2Fcomments&post=2505"}],"version-history":[{"count":14,"href":"http:\/\/galignum.it-shop.hu\/index.php?rest_route=\/wp\/v2\/pages\/2505\/revisions"}],"predecessor-version":[{"id":3031,"href":"http:\/\/galignum.it-shop.hu\/index.php?rest_route=\/wp\/v2\/pages\/2505\/revisions\/3031"}],"wp:attachment":[{"href":"http:\/\/galignum.it-shop.hu\/index.php?rest_route=%2Fwp%2Fv2%2Fmedia&parent=2505"}],"curies":[{"name":"wp","href":"https:\/\/api.w.org\/{rel}","templated":true}]}}