{"id":2120,"date":"2021-03-11T12:15:12","date_gmt":"2021-03-11T10:15:12","guid":{"rendered":"http:\/\/galignum.hu\/?page_id=2120"},"modified":"2021-05-19T10:35:46","modified_gmt":"2021-05-19T08:35:46","slug":"sorozatgyartas","status":"publish","type":"page","link":"http:\/\/galignum.it-shop.hu\/?page_id=2120","title":{"rendered":"Sorozatgy\u00e1rt\u00e1s"},"content":{"rendered":"<p>[vc_row full_width=&#8221;stretch_row&#8221;][vc_column]\n\t\t\t<section class=\"height-50 imagebg cover cover-6 parallax\" data-overlay=\"2\">\n\t\t\t\t<div class=\"background-image-holder\">\n\t\t\t\t\t<img loading=\"lazy\" decoding=\"async\" width=\"2000\" height=\"1357\" src=\"http:\/\/galignum.it-shop.hu\/wp-content\/uploads\/2021\/03\/sorozatgyartas-1.jpg\" class=\"attachment-full size-full\" alt=\"\" srcset=\"http:\/\/galignum.it-shop.hu\/wp-content\/uploads\/2021\/03\/sorozatgyartas-1.jpg 2000w, http:\/\/galignum.it-shop.hu\/wp-content\/uploads\/2021\/03\/sorozatgyartas-1-300x204.jpg 300w, http:\/\/galignum.it-shop.hu\/wp-content\/uploads\/2021\/03\/sorozatgyartas-1-1024x695.jpg 1024w, http:\/\/galignum.it-shop.hu\/wp-content\/uploads\/2021\/03\/sorozatgyartas-1-768x521.jpg 768w, http:\/\/galignum.it-shop.hu\/wp-content\/uploads\/2021\/03\/sorozatgyartas-1-1536x1042.jpg 1536w, http:\/\/galignum.it-shop.hu\/wp-content\/uploads\/2021\/03\/sorozatgyartas-1-600x407.jpg 600w\" sizes=\"(max-width: 2000px) 100vw, 2000px\" \/>\n\t\t\t\t<\/div>\n\t\t\t\t<div class=\"container pos-vertical-center\">\n\t\t\t\t\t<div class=\"row\">\n\t\t\t\t\t\t<div class=\"col-sm-12\">\n\t\t\t\t\t\t\t[vc_column_text css_animation=&#8221;fadeInUp&#8221;]<\/p>\n<h2 style=\"text-align: center;\">Sorozatgy\u00e1rt\u00e1s<\/h2>\n<p style=\"text-align: center;\">Modern CNC-g\u00e9p\u00fcnknek h\u00e1la, valamint az alkatr\u00e9sz- \u00e9s sorozatgy\u00e1rt\u00e1sban szerzett t\u00f6bb mint egy \u00e9vtizedes tapasztalatunknak k\u00f6sz\u00f6nhet\u0151en szinte b\u00e1rmilyen egyedi elk\u00e9pzel\u00e9st k\u00e9pesek vagyunk val\u00f3s\u00e1gg\u00e1 v\u00e1ltoztatni. Legyen sz\u00f3 m\u0171anyag vagy fa alkatr\u00e9szr\u0151l, az egyszer\u0171 megmunk\u00e1l\u00e1st\u00f3l az \u00f6sszetett term\u00e9kek gy\u00e1rt\u00e1s\u00e1ig a megold\u00e1st megrendel\u0151ink ig\u00e9nyeire szabva k\u00edn\u00e1ljuk.<\/p>\n<p>[\/vc_column_text]\n\t\t\t\t\t\t<\/div>\n\t\t\t\t\t<\/div>\n\t\t\t\t<\/div>\n\t\t\t\t<div class=\"container pos-bottom pos-absolute\">\n\t\t\t\t\t<div class=\"row\">\n\t\t\t\t\t<\/div>\n\t\t\t\t<\/div>\n\t\t\t<\/section>\n\t\t[\/vc_column][\/vc_row][vc_row full_width=&#8221;stretch_row&#8221;][vc_column][vc_empty_space height=&#8221;30px&#8221;]\n<div class=\"vp-portfolio vp-uid-50527430 vp-id-3024   vp-portfolio__stretch\"\n    data-vp-layout=\"grid\" data-vp-content-source=\"post-based\" data-vp-items-style=\"fade\" data-vp-items-click-action=\"url\" data-vp-items-gap=\"5\" data-vp-items-gap-vertical=\"5\" data-vp-pagination=\"infinite\" data-vp-next-page-url=\"\" data-vp-grid-columns=\"4\" data-vp-grid-images-aspect-ratio=\"4:4\" >\n    <div class=\"vp-portfolio__preloader-wrap\">\n        <div class=\"vp-portfolio__preloader\">\n            <img decoding=\"async\" loading=\"eager\" src=\"http:\/\/galignum.it-shop.hu\/wp-content\/plugins\/visual-portfolio\/assets\/images\/logo-dark.svg\" alt=\"Visual Portfolio, Posts &amp; Image Gallery for WordPress\" width=\"20\" height=\"20\" data-skip-lazy>\n        <\/div>\n    <\/div>\n        <div class=\"vp-portfolio__items-wrap\">\n            \n<div class=\"vp-portfolio__items vp-portfolio__items-style-fade vp-portfolio__items-show-overlay-hover\">\n\n        <article        class=\"vp-portfolio__item-wrap post-3305 portfolio type-portfolio status-publish format-image has-post-thumbnail hentry post_format-post-format-image portfolio_category-sorozatgyartas vp-portfolio__item-uid-2645f5ee\" data-vp-filter=\"sorozatgyartas\"         >\n                                    <figure class=\"vp-portfolio__item\">\n                \n<div class=\"vp-portfolio__item-img-wrap\">\n    <div class=\"vp-portfolio__item-img\">\n            <a\n        href=\"http:\/\/galignum.it-shop.hu\/?portfolio=hpl-megmunkalas-es-festes-2\"\n            >\n    \n        <img loading=\"lazy\" decoding=\"async\" width=\"1280\" height=\"853\" src=\"http:\/\/galignum.it-shop.hu\/wp-content\/uploads\/2021\/03\/Hpl-megmunkalas-es-festes.jpg\" class=\"wp-image-2503\" alt=\"\" srcset=\"http:\/\/galignum.it-shop.hu\/wp-content\/uploads\/2021\/03\/Hpl-megmunkalas-es-festes.jpg 1500w, http:\/\/galignum.it-shop.hu\/wp-content\/uploads\/2021\/03\/Hpl-megmunkalas-es-festes-300x200.jpg 300w, http:\/\/galignum.it-shop.hu\/wp-content\/uploads\/2021\/03\/Hpl-megmunkalas-es-festes-1024x683.jpg 1024w, http:\/\/galignum.it-shop.hu\/wp-content\/uploads\/2021\/03\/Hpl-megmunkalas-es-festes-768x512.jpg 768w, http:\/\/galignum.it-shop.hu\/wp-content\/uploads\/2021\/03\/Hpl-megmunkalas-es-festes-600x400.jpg 600w\" sizes=\"(max-width: 1280px) 100vw, 1280px\" \/>\n        <\/a>    <\/div>\n<\/div>\n\n<figcaption class=\"vp-portfolio__item-overlay vp-portfolio__item-overlay-text-align-center\">\n    <div class=\"vp-portfolio__item-meta-wrap vp-portfolio__custom-scrollbar\">\n            <a\n        href=\"http:\/\/galignum.it-shop.hu\/?portfolio=hpl-megmunkalas-es-festes-2\"\n        tabindex=\"-1\" class=\"vp-portfolio__item-meta\"     >\n    \n        \n<h2 class=\"vp-portfolio__item-meta-title\">\n    HPL-megmunk\u00e1l\u00e1s \u00e9s -fest\u00e9s<\/h2>\n\n        <\/a>    <\/div>\n<\/figcaption>\n            <\/figure>\n                    <\/article>\n        \n        <article        class=\"vp-portfolio__item-wrap post-3299 portfolio type-portfolio status-publish format-image has-post-thumbnail hentry post_format-post-format-image portfolio_category-sorozatgyartas vp-portfolio__item-uid-fff368bb\" data-vp-filter=\"sorozatgyartas\"         >\n                                    <figure class=\"vp-portfolio__item\">\n                \n<div class=\"vp-portfolio__item-img-wrap\">\n    <div class=\"vp-portfolio__item-img\">\n            <a\n        href=\"http:\/\/galignum.it-shop.hu\/?portfolio=cnc-megmunkalas-2\"\n            >\n    \n        <img loading=\"lazy\" decoding=\"async\" width=\"1280\" height=\"853\" src=\"http:\/\/galignum.it-shop.hu\/wp-content\/uploads\/2021\/03\/Cnc-megmunkalas.jpg\" class=\"wp-image-2501\" alt=\"\" srcset=\"http:\/\/galignum.it-shop.hu\/wp-content\/uploads\/2021\/03\/Cnc-megmunkalas.jpg 1500w, http:\/\/galignum.it-shop.hu\/wp-content\/uploads\/2021\/03\/Cnc-megmunkalas-300x200.jpg 300w, http:\/\/galignum.it-shop.hu\/wp-content\/uploads\/2021\/03\/Cnc-megmunkalas-1024x683.jpg 1024w, http:\/\/galignum.it-shop.hu\/wp-content\/uploads\/2021\/03\/Cnc-megmunkalas-768x512.jpg 768w, http:\/\/galignum.it-shop.hu\/wp-content\/uploads\/2021\/03\/Cnc-megmunkalas-600x400.jpg 600w\" sizes=\"(max-width: 1280px) 100vw, 1280px\" \/>\n        <\/a>    <\/div>\n<\/div>\n\n<figcaption class=\"vp-portfolio__item-overlay vp-portfolio__item-overlay-text-align-center\">\n    <div class=\"vp-portfolio__item-meta-wrap vp-portfolio__custom-scrollbar\">\n            <a\n        href=\"http:\/\/galignum.it-shop.hu\/?portfolio=cnc-megmunkalas-2\"\n        tabindex=\"-1\" class=\"vp-portfolio__item-meta\"     >\n    \n        \n<h2 class=\"vp-portfolio__item-meta-title\">\n    CNC-megmunk\u00e1l\u00e1s<\/h2>\n\n        <\/a>    <\/div>\n<\/figcaption>\n            <\/figure>\n                    <\/article>\n        \n        <article        class=\"vp-portfolio__item-wrap post-3293 portfolio type-portfolio status-publish format-image has-post-thumbnail hentry post_format-post-format-image portfolio_category-sorozatgyartas vp-portfolio__item-uid-1f2681a5\" data-vp-filter=\"sorozatgyartas\"         >\n                                    <figure class=\"vp-portfolio__item\">\n                \n<div class=\"vp-portfolio__item-img-wrap\">\n    <div class=\"vp-portfolio__item-img\">\n            <a\n        href=\"http:\/\/galignum.it-shop.hu\/?portfolio=magneses-alkatresz-gyartasa-2\"\n            >\n    \n        <img loading=\"lazy\" decoding=\"async\" width=\"1280\" height=\"902\" src=\"http:\/\/galignum.it-shop.hu\/wp-content\/uploads\/2021\/03\/Magneses-alkatresz-gyartasa.jpg\" class=\"wp-image-2499\" alt=\"\" srcset=\"http:\/\/galignum.it-shop.hu\/wp-content\/uploads\/2021\/03\/Magneses-alkatresz-gyartasa.jpg 1500w, http:\/\/galignum.it-shop.hu\/wp-content\/uploads\/2021\/03\/Magneses-alkatresz-gyartasa-300x211.jpg 300w, http:\/\/galignum.it-shop.hu\/wp-content\/uploads\/2021\/03\/Magneses-alkatresz-gyartasa-1024x722.jpg 1024w, http:\/\/galignum.it-shop.hu\/wp-content\/uploads\/2021\/03\/Magneses-alkatresz-gyartasa-768x541.jpg 768w, http:\/\/galignum.it-shop.hu\/wp-content\/uploads\/2021\/03\/Magneses-alkatresz-gyartasa-600x423.jpg 600w\" sizes=\"(max-width: 1280px) 100vw, 1280px\" \/>\n        <\/a>    <\/div>\n<\/div>\n\n<figcaption class=\"vp-portfolio__item-overlay vp-portfolio__item-overlay-text-align-center\">\n    <div class=\"vp-portfolio__item-meta-wrap vp-portfolio__custom-scrollbar\">\n            <a\n        href=\"http:\/\/galignum.it-shop.hu\/?portfolio=magneses-alkatresz-gyartasa-2\"\n        tabindex=\"-1\" class=\"vp-portfolio__item-meta\"     >\n    \n        \n<h2 class=\"vp-portfolio__item-meta-title\">\n    M\u00e1gneses alkatr\u00e9sz gy\u00e1rt\u00e1sa<\/h2>\n\n        <\/a>    <\/div>\n<\/figcaption>\n            <\/figure>\n                    <\/article>\n        \n        <article        class=\"vp-portfolio__item-wrap post-3288 portfolio type-portfolio status-publish format-image has-post-thumbnail hentry post_format-post-format-image portfolio_category-sorozatgyartas vp-portfolio__item-uid-91ef696c\" data-vp-filter=\"sorozatgyartas\"         >\n                                    <figure class=\"vp-portfolio__item\">\n                \n<div class=\"vp-portfolio__item-img-wrap\">\n    <div class=\"vp-portfolio__item-img\">\n            <a\n        href=\"http:\/\/galignum.it-shop.hu\/?portfolio=kondigep-pad-ulesek-2\"\n            >\n    \n        <img loading=\"lazy\" decoding=\"async\" width=\"1280\" height=\"853\" src=\"http:\/\/galignum.it-shop.hu\/wp-content\/uploads\/2021\/03\/Kondigep-pad-ulesek.jpg\" class=\"wp-image-2497\" alt=\"\" srcset=\"http:\/\/galignum.it-shop.hu\/wp-content\/uploads\/2021\/03\/Kondigep-pad-ulesek.jpg 1500w, http:\/\/galignum.it-shop.hu\/wp-content\/uploads\/2021\/03\/Kondigep-pad-ulesek-300x200.jpg 300w, http:\/\/galignum.it-shop.hu\/wp-content\/uploads\/2021\/03\/Kondigep-pad-ulesek-1024x683.jpg 1024w, http:\/\/galignum.it-shop.hu\/wp-content\/uploads\/2021\/03\/Kondigep-pad-ulesek-768x512.jpg 768w, http:\/\/galignum.it-shop.hu\/wp-content\/uploads\/2021\/03\/Kondigep-pad-ulesek-600x400.jpg 600w\" sizes=\"(max-width: 1280px) 100vw, 1280px\" \/>\n        <\/a>    <\/div>\n<\/div>\n\n<figcaption class=\"vp-portfolio__item-overlay vp-portfolio__item-overlay-text-align-center\">\n    <div class=\"vp-portfolio__item-meta-wrap vp-portfolio__custom-scrollbar\">\n            <a\n        href=\"http:\/\/galignum.it-shop.hu\/?portfolio=kondigep-pad-ulesek-2\"\n        tabindex=\"-1\" class=\"vp-portfolio__item-meta\"     >\n    \n        \n<h2 class=\"vp-portfolio__item-meta-title\">\n    Kondig\u00e9p pad \/ \u00fcl\u00e9sek<\/h2>\n\n        <\/a>    <\/div>\n<\/figcaption>\n            <\/figure>\n                    <\/article>\n        \n        <article        class=\"vp-portfolio__item-wrap post-3283 portfolio type-portfolio status-publish format-image has-post-thumbnail hentry post_format-post-format-image portfolio_category-sorozatgyartas vp-portfolio__item-uid-063db0e4\" data-vp-filter=\"sorozatgyartas\"         >\n                                    <figure class=\"vp-portfolio__item\">\n                \n<div class=\"vp-portfolio__item-img-wrap\">\n    <div class=\"vp-portfolio__item-img\">\n            <a\n        href=\"http:\/\/galignum.it-shop.hu\/?portfolio=hdpe-elomaras-megmunkalas\"\n            >\n    \n        <img loading=\"lazy\" decoding=\"async\" width=\"1280\" height=\"852\" src=\"http:\/\/galignum.it-shop.hu\/wp-content\/uploads\/2021\/03\/Hdpe-Elomaras-megmunkalas.jpg\" class=\"wp-image-2495\" alt=\"\" srcset=\"http:\/\/galignum.it-shop.hu\/wp-content\/uploads\/2021\/03\/Hdpe-Elomaras-megmunkalas.jpg 1500w, http:\/\/galignum.it-shop.hu\/wp-content\/uploads\/2021\/03\/Hdpe-Elomaras-megmunkalas-300x200.jpg 300w, http:\/\/galignum.it-shop.hu\/wp-content\/uploads\/2021\/03\/Hdpe-Elomaras-megmunkalas-1024x682.jpg 1024w, http:\/\/galignum.it-shop.hu\/wp-content\/uploads\/2021\/03\/Hdpe-Elomaras-megmunkalas-768x511.jpg 768w, http:\/\/galignum.it-shop.hu\/wp-content\/uploads\/2021\/03\/Hdpe-Elomaras-megmunkalas-600x400.jpg 600w\" sizes=\"(max-width: 1280px) 100vw, 1280px\" \/>\n        <\/a>    <\/div>\n<\/div>\n\n<figcaption class=\"vp-portfolio__item-overlay vp-portfolio__item-overlay-text-align-center\">\n    <div class=\"vp-portfolio__item-meta-wrap vp-portfolio__custom-scrollbar\">\n            <a\n        href=\"http:\/\/galignum.it-shop.hu\/?portfolio=hdpe-elomaras-megmunkalas\"\n        tabindex=\"-1\" class=\"vp-portfolio__item-meta\"     >\n    \n        \n<h2 class=\"vp-portfolio__item-meta-title\">\n    HDPE-el\u0151remar\u00e1s \/ -megmunk\u00e1l\u00e1s<\/h2>\n\n        <\/a>    <\/div>\n<\/figcaption>\n            <\/figure>\n                    <\/article>\n        \n        <article        class=\"vp-portfolio__item-wrap post-3278 portfolio type-portfolio status-publish format-image has-post-thumbnail hentry post_format-post-format-image portfolio_category-sorozatgyartas vp-portfolio__item-uid-167775a3\" data-vp-filter=\"sorozatgyartas\"         >\n                                    <figure class=\"vp-portfolio__item\">\n                \n<div class=\"vp-portfolio__item-img-wrap\">\n    <div class=\"vp-portfolio__item-img\">\n            <a\n        href=\"http:\/\/galignum.it-shop.hu\/?portfolio=hdpe-termekgyartas-3\"\n            >\n    \n        <img loading=\"lazy\" decoding=\"async\" width=\"1280\" height=\"853\" src=\"http:\/\/galignum.it-shop.hu\/wp-content\/uploads\/2021\/03\/Hdpe-termekgyartas.jpg\" class=\"wp-image-2492\" alt=\"\" srcset=\"http:\/\/galignum.it-shop.hu\/wp-content\/uploads\/2021\/03\/Hdpe-termekgyartas.jpg 1500w, http:\/\/galignum.it-shop.hu\/wp-content\/uploads\/2021\/03\/Hdpe-termekgyartas-300x200.jpg 300w, http:\/\/galignum.it-shop.hu\/wp-content\/uploads\/2021\/03\/Hdpe-termekgyartas-1024x683.jpg 1024w, http:\/\/galignum.it-shop.hu\/wp-content\/uploads\/2021\/03\/Hdpe-termekgyartas-768x512.jpg 768w, http:\/\/galignum.it-shop.hu\/wp-content\/uploads\/2021\/03\/Hdpe-termekgyartas-600x400.jpg 600w\" sizes=\"(max-width: 1280px) 100vw, 1280px\" \/>\n        <\/a>    <\/div>\n<\/div>\n\n<figcaption class=\"vp-portfolio__item-overlay vp-portfolio__item-overlay-text-align-center\">\n    <div class=\"vp-portfolio__item-meta-wrap vp-portfolio__custom-scrollbar\">\n            <a\n        href=\"http:\/\/galignum.it-shop.hu\/?portfolio=hdpe-termekgyartas-3\"\n        tabindex=\"-1\" class=\"vp-portfolio__item-meta\"     >\n    \n        \n<h2 class=\"vp-portfolio__item-meta-title\">\n    HDPE-term\u00e9kgy\u00e1rt\u00e1s<\/h2>\n\n        <\/a>    <\/div>\n<\/figcaption>\n            <\/figure>\n                    <\/article>\n        \n        <article        class=\"vp-portfolio__item-wrap post-3273 portfolio type-portfolio status-publish format-image has-post-thumbnail hentry post_format-post-format-image portfolio_category-sorozatgyartas vp-portfolio__item-uid-81a5ac2b\" data-vp-filter=\"sorozatgyartas\"         >\n                                    <figure class=\"vp-portfolio__item\">\n                \n<div class=\"vp-portfolio__item-img-wrap\">\n    <div class=\"vp-portfolio__item-img\">\n            <a\n        href=\"http:\/\/galignum.it-shop.hu\/?portfolio=poliurea-bevonatolas-line-x-bevonatolas-2\"\n            >\n    \n        <img loading=\"lazy\" decoding=\"async\" width=\"1280\" height=\"853\" src=\"http:\/\/galignum.it-shop.hu\/wp-content\/uploads\/2021\/03\/Poliurea-bevonatolas-line-x-bevonatolas.jpg\" class=\"wp-image-2490\" alt=\"\" srcset=\"http:\/\/galignum.it-shop.hu\/wp-content\/uploads\/2021\/03\/Poliurea-bevonatolas-line-x-bevonatolas.jpg 1500w, http:\/\/galignum.it-shop.hu\/wp-content\/uploads\/2021\/03\/Poliurea-bevonatolas-line-x-bevonatolas-300x200.jpg 300w, http:\/\/galignum.it-shop.hu\/wp-content\/uploads\/2021\/03\/Poliurea-bevonatolas-line-x-bevonatolas-1024x683.jpg 1024w, http:\/\/galignum.it-shop.hu\/wp-content\/uploads\/2021\/03\/Poliurea-bevonatolas-line-x-bevonatolas-768x512.jpg 768w, http:\/\/galignum.it-shop.hu\/wp-content\/uploads\/2021\/03\/Poliurea-bevonatolas-line-x-bevonatolas-600x400.jpg 600w\" sizes=\"(max-width: 1280px) 100vw, 1280px\" \/>\n        <\/a>    <\/div>\n<\/div>\n\n<figcaption class=\"vp-portfolio__item-overlay vp-portfolio__item-overlay-text-align-center\">\n    <div class=\"vp-portfolio__item-meta-wrap vp-portfolio__custom-scrollbar\">\n            <a\n        href=\"http:\/\/galignum.it-shop.hu\/?portfolio=poliurea-bevonatolas-line-x-bevonatolas-2\"\n        tabindex=\"-1\" class=\"vp-portfolio__item-meta\"     >\n    \n        \n<h2 class=\"vp-portfolio__item-meta-title\">\n    Poliurea bevonatol\u00e1s, LINE-X bevonatol\u00e1s<\/h2>\n\n        <\/a>    <\/div>\n<\/figcaption>\n            <\/figure>\n                    <\/article>\n        \n        <article        class=\"vp-portfolio__item-wrap post-3268 portfolio type-portfolio status-publish format-image has-post-thumbnail hentry post_format-post-format-image portfolio_category-sorozatgyartas vp-portfolio__item-uid-0f6c44e2\" data-vp-filter=\"sorozatgyartas\"         >\n                                    <figure class=\"vp-portfolio__item\">\n                \n<div class=\"vp-portfolio__item-img-wrap\">\n    <div class=\"vp-portfolio__item-img\">\n            <a\n        href=\"http:\/\/galignum.it-shop.hu\/?portfolio=plexi-gravir-es-megmunkalas-2\"\n            >\n    \n        <img loading=\"lazy\" decoding=\"async\" width=\"850\" height=\"567\" src=\"http:\/\/galignum.it-shop.hu\/wp-content\/uploads\/2021\/03\/Plexi-gravir-es-megmunkalas.jpg\" class=\"wp-image-2486\" alt=\"\" srcset=\"http:\/\/galignum.it-shop.hu\/wp-content\/uploads\/2021\/03\/Plexi-gravir-es-megmunkalas.jpg 850w, http:\/\/galignum.it-shop.hu\/wp-content\/uploads\/2021\/03\/Plexi-gravir-es-megmunkalas-300x200.jpg 300w, http:\/\/galignum.it-shop.hu\/wp-content\/uploads\/2021\/03\/Plexi-gravir-es-megmunkalas-768x512.jpg 768w, http:\/\/galignum.it-shop.hu\/wp-content\/uploads\/2021\/03\/Plexi-gravir-es-megmunkalas-600x400.jpg 600w\" sizes=\"(max-width: 850px) 100vw, 850px\" \/>\n        <\/a>    <\/div>\n<\/div>\n\n<figcaption class=\"vp-portfolio__item-overlay vp-portfolio__item-overlay-text-align-center\">\n    <div class=\"vp-portfolio__item-meta-wrap vp-portfolio__custom-scrollbar\">\n            <a\n        href=\"http:\/\/galignum.it-shop.hu\/?portfolio=plexi-gravir-es-megmunkalas-2\"\n        tabindex=\"-1\" class=\"vp-portfolio__item-meta\"     >\n    \n        \n<h2 class=\"vp-portfolio__item-meta-title\">\n    Plexi grav\u00edr \u00e9s megmunk\u00e1l\u00e1s<\/h2>\n\n        <\/a>    <\/div>\n<\/figcaption>\n            <\/figure>\n                    <\/article>\n        \n<\/div>\n        <\/div>\n                <div class=\"vp-portfolio__layout-elements vp-portfolio__layout-elements-bottom vp-portfolio__layout-elements-align-center\">\n                <div class=\"vp-portfolio__pagination-wrap\">\n                <\/div>\n                <\/div>\n        \n<\/div>\n[\/vc_column][\/vc_row]<\/p>\n","protected":false},"excerpt":{"rendered":"<p>[vc_row full_width=&#8221;stretch_row&#8221;][vc_column][\/vc_column][\/vc_row][vc_row full_width=&#8221;stretch_row&#8221;][vc_column][vc_empty_space height=&#8221;30px&#8221;][\/vc_column][\/vc_row]<\/p>\n","protected":false},"author":3,"featured_media":0,"parent":0,"menu_order":0,"comment_status":"closed","ping_status":"closed","template":"","meta":{"footnotes":"","_vp_format_video_url":"","_vp_image_focal_point":[]},"_links":{"self":[{"href":"http:\/\/galignum.it-shop.hu\/index.php?rest_route=\/wp\/v2\/pages\/2120"}],"collection":[{"href":"http:\/\/galignum.it-shop.hu\/index.php?rest_route=\/wp\/v2\/pages"}],"about":[{"href":"http:\/\/galignum.it-shop.hu\/index.php?rest_route=\/wp\/v2\/types\/page"}],"author":[{"embeddable":true,"href":"http:\/\/galignum.it-shop.hu\/index.php?rest_route=\/wp\/v2\/users\/3"}],"replies":[{"embeddable":true,"href":"http:\/\/galignum.it-shop.hu\/index.php?rest_route=%2Fwp%2Fv2%2Fcomments&post=2120"}],"version-history":[{"count":9,"href":"http:\/\/galignum.it-shop.hu\/index.php?rest_route=\/wp\/v2\/pages\/2120\/revisions"}],"predecessor-version":[{"id":3328,"href":"http:\/\/galignum.it-shop.hu\/index.php?rest_route=\/wp\/v2\/pages\/2120\/revisions\/3328"}],"wp:attachment":[{"href":"http:\/\/galignum.it-shop.hu\/index.php?rest_route=%2Fwp%2Fv2%2Fmedia&parent=2120"}],"curies":[{"name":"wp","href":"https:\/\/api.w.org\/{rel}","templated":true}]}}